{"id":9,"date":"2025-01-17T21:41:53","date_gmt":"2025-01-18T00:41:53","guid":{"rendered":"https:\/\/8rdesign.com.br\/emg\/?page_id=9"},"modified":"2025-04-17T23:01:50","modified_gmt":"2025-04-18T02:01:50","slug":"contato","status":"publish","type":"page","link":"https:\/\/8rdesign.com.br\/emg\/contato\/","title":{"rendered":"Contato"},"content":{"rendered":"\r\n<p>Para agilizar o atendimento, por favor preencha o formul\u00e1rio de contato abaixo com o m\u00e1ximo de informa\u00e7\u00f5es.<\/p>\r\n<div id=\"nf-form-1-cont\" class=\"nf-form-cont\" role=\"form\" aria-live=\"polite\" aria-labelledby=\"nf-form-title-1\" aria-describedby=\"nf-form-errors-1\"><span id=\"nf-form-title-1\" class=\"nf-form-title\"><\/span>\r\n<div class=\"nf-form-wrap ninja-forms-form-wrap\">\r\n<div class=\"nf-before-form\">Campos marcados com <span class=\"ninja-forms-req-symbol\" style=\"color: #ff0000;\">*<\/span> s\u00e3o requeridos.<\/div>\r\n<\/div>\r\n<\/div>\r\n<div class=\"wpforms-container wpforms-container-full wpforms-render-modern\" id=\"wpforms-896\"><form id=\"wpforms-form-896\" class=\"wpforms-validate wpforms-form wpforms-ajax-form\" data-formid=\"896\" method=\"post\" enctype=\"multipart\/form-data\" action=\"\/emg\/wp-json\/wp\/v2\/pages\/9\" data-token=\"13aab8b54c301e13a61d80fd92f36b17\" data-token-time=\"1776966712\"><noscript class=\"wpforms-error-noscript\">Ative o JavaScript no seu navegador para preencher este formul\u00e1rio.<\/noscript><div class=\"wpforms-hidden\" id=\"wpforms-error-noscript\">Ative o JavaScript no seu navegador para preencher este formul\u00e1rio.<\/div><div class=\"wpforms-field-container\"><div id=\"wpforms-896-field_1-container\" class=\"wpforms-field wpforms-field-name\" data-field-id=\"1\"><label class=\"wpforms-field-label\" for=\"wpforms-896-field_1\">Nome \/ Empresa <span class=\"wpforms-required-label\" aria-hidden=\"true\">*<\/span><\/label><input type=\"text\" id=\"wpforms-896-field_1\" class=\"wpforms-field-medium wpforms-field-required\" name=\"wpforms[fields][1]\" aria-errormessage=\"wpforms-896-field_1-error\" required><\/div><div id=\"wpforms-896-field_6-container\" class=\"wpforms-field wpforms-field-text\" data-field-id=\"6\"><label class=\"wpforms-field-label\" for=\"wpforms-896-field_6\">CNPJ (Empresa)<\/label><input type=\"text\" id=\"wpforms-896-field_6\" class=\"wpforms-field-medium\" name=\"wpforms[fields][6]\" aria-errormessage=\"wpforms-896-field_6-error\" ><\/div><div id=\"wpforms-896-field_2-container\" class=\"wpforms-field wpforms-field-email\" data-field-id=\"2\"><label class=\"wpforms-field-label\" for=\"wpforms-896-field_2\">E-mail <span class=\"wpforms-required-label\" aria-hidden=\"true\">*<\/span><\/label><input type=\"email\" id=\"wpforms-896-field_2\" class=\"wpforms-field-medium wpforms-field-required\" name=\"wpforms[fields][2]\" spellcheck=\"false\" aria-errormessage=\"wpforms-896-field_2-error\" required><\/div><div id=\"wpforms-896-field_5-container\" class=\"wpforms-field wpforms-field-text\" data-field-id=\"5\"><label class=\"wpforms-field-label\" for=\"wpforms-896-field_5\">Telefone com DDD \/ WhatsApp <span class=\"wpforms-required-label\" aria-hidden=\"true\">*<\/span><\/label><input type=\"text\" id=\"wpforms-896-field_5\" class=\"wpforms-field-medium wpforms-field-required\" name=\"wpforms[fields][5]\" aria-errormessage=\"wpforms-896-field_5-error\" required><\/div><div id=\"wpforms-896-field_4-container\" class=\"wpforms-field wpforms-field-radio\" data-field-id=\"4\"><fieldset><legend class=\"wpforms-field-label\">Podemos contatar por mensagem via WhatsApp? <span class=\"wpforms-required-label\" aria-hidden=\"true\">*<\/span><\/legend><ul id=\"wpforms-896-field_4\" class=\"wpforms-field-required\"><li class=\"choice-1 depth-1\"><input type=\"radio\" id=\"wpforms-896-field_4_1\" name=\"wpforms[fields][4]\" value=\"Sim\" aria-errormessage=\"wpforms-896-field_4_1-error\" required ><label class=\"wpforms-field-label-inline\" for=\"wpforms-896-field_4_1\">Sim<\/label><\/li><li class=\"choice-2 depth-1\"><input type=\"radio\" id=\"wpforms-896-field_4_2\" name=\"wpforms[fields][4]\" value=\"N\u00e3o\" aria-errormessage=\"wpforms-896-field_4_2-error\" required ><label class=\"wpforms-field-label-inline\" for=\"wpforms-896-field_4_2\">N\u00e3o<\/label><\/li><\/ul><\/fieldset><\/div><div id=\"wpforms-896-field_3-container\" class=\"wpforms-field wpforms-field-textarea\" data-field-id=\"3\"><label class=\"wpforms-field-label\" for=\"wpforms-896-field_3\">Sua mensagem, detalhes, produto de interesse <span class=\"wpforms-required-label\" aria-hidden=\"true\">*<\/span><\/label><textarea id=\"wpforms-896-field_3\" class=\"wpforms-field-medium wpforms-field-required\" name=\"wpforms[fields][3]\" aria-errormessage=\"wpforms-896-field_3-error\" required><\/textarea><\/div><\/div><!-- .wpforms-field-container --><div class=\"wpforms-submit-container\" ><input type=\"hidden\" name=\"wpforms[id]\" value=\"896\"><input type=\"hidden\" name=\"page_title\" value=\"\"><input type=\"hidden\" name=\"page_url\" value=\"https:\/\/8rdesign.com.br\/emg\/wp-json\/wp\/v2\/pages\/9\"><input type=\"hidden\" name=\"url_referer\" value=\"\"><button type=\"submit\" name=\"wpforms[submit]\" id=\"wpforms-submit-896\" class=\"wpforms-submit\" data-alt-text=\"Enviando\u2026\" data-submit-text=\"Enviar\" aria-live=\"assertive\" value=\"wpforms-submit\">Enviar<\/button><img loading=\"lazy\" decoding=\"async\" src=\"https:\/\/8rdesign.com.br\/emg\/wp-content\/plugins\/wpforms-lite\/assets\/images\/submit-spin.svg\" class=\"wpforms-submit-spinner\" style=\"display: none;\" width=\"26\" height=\"26\" alt=\"Carregando\"><\/div><\/form><\/div>  <!-- .wpforms-container -->\r\n","protected":false},"excerpt":{"rendered":"<p>Para agilizar o atendimento, por favor preencha o formul\u00e1rio de contato abaixo com [&hellip;]<\/p>\n","protected":false},"author":1,"featured_media":0,"parent":0,"menu_order":0,"comment_status":"closed","ping_status":"closed","template":"","meta":{"_joinchat":[],"footnotes":""},"class_list":["post-9","page","type-page","status-publish","hentry"],"yoast_head":"<!-- This site is optimized with the Yoast SEO plugin v27.2 - https:\/\/yoast.com\/product\/yoast-seo-wordpress\/ -->\n<title>Contato - EMG BATERIAS<\/title>\n<meta name=\"description\" content=\"Contato - EMG Baterias - (11) 94017-5454 (11) 4076-3434. Jd. Santa Rita, Diadema. Baterias Automotivas, caminh\u00f5es, pesca e solares.\" \/>\n<meta name=\"robots\" content=\"noindex, follow, max-snippet:-1, max-image-preview:large, max-video-preview:-1\" \/>\n<meta property=\"og:locale\" content=\"pt_BR\" \/>\n<meta property=\"og:type\" content=\"article\" \/>\n<meta property=\"og:title\" content=\"Contato - EMG BATERIAS\" \/>\n<meta property=\"og:description\" content=\"Contato - EMG Baterias - (11) 94017-5454 (11) 4076-3434. Jd. Santa Rita, Diadema. Baterias Automotivas, caminh\u00f5es, pesca e solares.\" \/>\n<meta property=\"og:url\" content=\"https:\/\/8rdesign.com.br\/emg\/contato\/\" \/>\n<meta property=\"og:site_name\" content=\"EMG BATERIAS\" \/>\n<meta property=\"article:modified_time\" content=\"2025-04-18T02:01:50+00:00\" \/>\n<meta name=\"twitter:card\" content=\"summary_large_image\" \/>\n<meta name=\"twitter:label1\" content=\"Est. tempo de leitura\" \/>\n\t<meta name=\"twitter:data1\" content=\"1 minuto\" \/>\n<script type=\"application\/ld+json\" class=\"yoast-schema-graph\">{\"@context\":\"https:\/\/schema.org\",\"@graph\":[{\"@type\":\"WebPage\",\"@id\":\"https:\/\/8rdesign.com.br\/emg\/contato\/\",\"url\":\"https:\/\/8rdesign.com.br\/emg\/contato\/\",\"name\":\"Contato - EMG BATERIAS\",\"isPartOf\":{\"@id\":\"https:\/\/8rdesign.com.br\/emg\/#website\"},\"datePublished\":\"2025-01-18T00:41:53+00:00\",\"dateModified\":\"2025-04-18T02:01:50+00:00\",\"description\":\"Contato - EMG Baterias - (11) 94017-5454 (11) 4076-3434. Jd. Santa Rita, Diadema. Baterias Automotivas, caminh\u00f5es, pesca e solares.\",\"breadcrumb\":{\"@id\":\"https:\/\/8rdesign.com.br\/emg\/contato\/#breadcrumb\"},\"inLanguage\":\"pt-BR\",\"potentialAction\":[{\"@type\":\"ReadAction\",\"target\":[\"https:\/\/8rdesign.com.br\/emg\/contato\/\"]}]},{\"@type\":\"BreadcrumbList\",\"@id\":\"https:\/\/8rdesign.com.br\/emg\/contato\/#breadcrumb\",\"itemListElement\":[{\"@type\":\"ListItem\",\"position\":1,\"name\":\"In\u00edcio\",\"item\":\"https:\/\/8rdesign.com.br\/emg\/\"},{\"@type\":\"ListItem\",\"position\":2,\"name\":\"Contato\"}]},{\"@type\":\"WebSite\",\"@id\":\"https:\/\/8rdesign.com.br\/emg\/#website\",\"url\":\"https:\/\/8rdesign.com.br\/emg\/\",\"name\":\"EMG BATERIAS\",\"description\":\"\",\"publisher\":{\"@id\":\"https:\/\/8rdesign.com.br\/emg\/#organization\"},\"potentialAction\":[{\"@type\":\"SearchAction\",\"target\":{\"@type\":\"EntryPoint\",\"urlTemplate\":\"https:\/\/8rdesign.com.br\/emg\/?s={search_term_string}\"},\"query-input\":{\"@type\":\"PropertyValueSpecification\",\"valueRequired\":true,\"valueName\":\"search_term_string\"}}],\"inLanguage\":\"pt-BR\"},{\"@type\":\"Organization\",\"@id\":\"https:\/\/8rdesign.com.br\/emg\/#organization\",\"name\":\"EMG BATERIAS\",\"url\":\"https:\/\/8rdesign.com.br\/emg\/\",\"logo\":{\"@type\":\"ImageObject\",\"inLanguage\":\"pt-BR\",\"@id\":\"https:\/\/8rdesign.com.br\/emg\/#\/schema\/logo\/image\/\",\"url\":\"https:\/\/8rdesign.com.br\/emg\/wp-content\/uploads\/2025\/04\/Logo-EMG-Baterias-branco-scaled.png\",\"contentUrl\":\"https:\/\/8rdesign.com.br\/emg\/wp-content\/uploads\/2025\/04\/Logo-EMG-Baterias-branco-scaled.png\",\"width\":2560,\"height\":940,\"caption\":\"EMG BATERIAS\"},\"image\":{\"@id\":\"https:\/\/8rdesign.com.br\/emg\/#\/schema\/logo\/image\/\"}}]}<\/script>\n<!-- \/ Yoast SEO plugin. -->","yoast_head_json":{"title":"Contato - EMG BATERIAS","description":"Contato - EMG Baterias - (11) 94017-5454 (11) 4076-3434. Jd. Santa Rita, Diadema. Baterias Automotivas, caminh\u00f5es, pesca e solares.","robots":{"index":"noindex","follow":"follow","max-snippet":"max-snippet:-1","max-image-preview":"max-image-preview:large","max-video-preview":"max-video-preview:-1"},"og_locale":"pt_BR","og_type":"article","og_title":"Contato - EMG BATERIAS","og_description":"Contato - EMG Baterias - (11) 94017-5454 (11) 4076-3434. Jd. Santa Rita, Diadema. Baterias Automotivas, caminh\u00f5es, pesca e solares.","og_url":"https:\/\/8rdesign.com.br\/emg\/contato\/","og_site_name":"EMG BATERIAS","article_modified_time":"2025-04-18T02:01:50+00:00","twitter_card":"summary_large_image","twitter_misc":{"Est. tempo de leitura":"1 minuto"},"schema":{"@context":"https:\/\/schema.org","@graph":[{"@type":"WebPage","@id":"https:\/\/8rdesign.com.br\/emg\/contato\/","url":"https:\/\/8rdesign.com.br\/emg\/contato\/","name":"Contato - EMG BATERIAS","isPartOf":{"@id":"https:\/\/8rdesign.com.br\/emg\/#website"},"datePublished":"2025-01-18T00:41:53+00:00","dateModified":"2025-04-18T02:01:50+00:00","description":"Contato - EMG Baterias - (11) 94017-5454 (11) 4076-3434. Jd. Santa Rita, Diadema. Baterias Automotivas, caminh\u00f5es, pesca e solares.","breadcrumb":{"@id":"https:\/\/8rdesign.com.br\/emg\/contato\/#breadcrumb"},"inLanguage":"pt-BR","potentialAction":[{"@type":"ReadAction","target":["https:\/\/8rdesign.com.br\/emg\/contato\/"]}]},{"@type":"BreadcrumbList","@id":"https:\/\/8rdesign.com.br\/emg\/contato\/#breadcrumb","itemListElement":[{"@type":"ListItem","position":1,"name":"In\u00edcio","item":"https:\/\/8rdesign.com.br\/emg\/"},{"@type":"ListItem","position":2,"name":"Contato"}]},{"@type":"WebSite","@id":"https:\/\/8rdesign.com.br\/emg\/#website","url":"https:\/\/8rdesign.com.br\/emg\/","name":"EMG BATERIAS","description":"","publisher":{"@id":"https:\/\/8rdesign.com.br\/emg\/#organization"},"potentialAction":[{"@type":"SearchAction","target":{"@type":"EntryPoint","urlTemplate":"https:\/\/8rdesign.com.br\/emg\/?s={search_term_string}"},"query-input":{"@type":"PropertyValueSpecification","valueRequired":true,"valueName":"search_term_string"}}],"inLanguage":"pt-BR"},{"@type":"Organization","@id":"https:\/\/8rdesign.com.br\/emg\/#organization","name":"EMG BATERIAS","url":"https:\/\/8rdesign.com.br\/emg\/","logo":{"@type":"ImageObject","inLanguage":"pt-BR","@id":"https:\/\/8rdesign.com.br\/emg\/#\/schema\/logo\/image\/","url":"https:\/\/8rdesign.com.br\/emg\/wp-content\/uploads\/2025\/04\/Logo-EMG-Baterias-branco-scaled.png","contentUrl":"https:\/\/8rdesign.com.br\/emg\/wp-content\/uploads\/2025\/04\/Logo-EMG-Baterias-branco-scaled.png","width":2560,"height":940,"caption":"EMG BATERIAS"},"image":{"@id":"https:\/\/8rdesign.com.br\/emg\/#\/schema\/logo\/image\/"}}]}},"_links":{"self":[{"href":"https:\/\/8rdesign.com.br\/emg\/wp-json\/wp\/v2\/pages\/9","targetHints":{"allow":["GET"]}}],"collection":[{"href":"https:\/\/8rdesign.com.br\/emg\/wp-json\/wp\/v2\/pages"}],"about":[{"href":"https:\/\/8rdesign.com.br\/emg\/wp-json\/wp\/v2\/types\/page"}],"author":[{"embeddable":true,"href":"https:\/\/8rdesign.com.br\/emg\/wp-json\/wp\/v2\/users\/1"}],"replies":[{"embeddable":true,"href":"https:\/\/8rdesign.com.br\/emg\/wp-json\/wp\/v2\/comments?post=9"}],"version-history":[{"count":4,"href":"https:\/\/8rdesign.com.br\/emg\/wp-json\/wp\/v2\/pages\/9\/revisions"}],"predecessor-version":[{"id":901,"href":"https:\/\/8rdesign.com.br\/emg\/wp-json\/wp\/v2\/pages\/9\/revisions\/901"}],"wp:attachment":[{"href":"https:\/\/8rdesign.com.br\/emg\/wp-json\/wp\/v2\/media?parent=9"}],"curies":[{"name":"wp","href":"https:\/\/api.w.org\/{rel}","templated":true}]}}