{"id":909,"date":"2025-04-17T23:29:28","date_gmt":"2025-04-18T02:29:28","guid":{"rendered":"https:\/\/8rdesign.com.br\/emg\/?page_id=909"},"modified":"2025-04-17T23:34:48","modified_gmt":"2025-04-18T02:34:48","slug":"dicas-para-vida-util-da-bateria","status":"publish","type":"page","link":"https:\/\/8rdesign.com.br\/emg\/dicas-para-vida-util-da-bateria\/","title":{"rendered":"Dicas para vida \u00fatil da bateria"},"content":{"rendered":"<div data-colibri-id=\"909-c1\" class=\"style-357 style-local-909-c1 position-relative\">\n  <!---->\n  <div data-colibri-component=\"section\" data-colibri-id=\"909-c2\" id=\"initial-content\" class=\"h-section h-section-global-spacing d-flex align-items-lg-center align-items-md-center align-items-center style-358 style-local-909-c2 position-relative\">\n    <!---->\n    <!---->\n    <div class=\"h-section-grid-container h-section-boxed-container\">\n      <!---->\n      <div data-colibri-id=\"909-c3\" class=\"h-row-container gutters-row-lg-2 gutters-row-md-2 gutters-row-0 gutters-row-v-lg-2 gutters-row-v-md-2 gutters-row-v-2 style-359 style-local-909-c3 position-relative\">\n        <!---->\n        <div class=\"h-row justify-content-lg-center justify-content-md-center justify-content-center align-items-lg-stretch align-items-md-stretch align-items-stretch gutters-col-lg-2 gutters-col-md-2 gutters-col-0 gutters-col-v-lg-2 gutters-col-v-md-2 gutters-col-v-2\">\n          <!---->\n          <div class=\"h-column h-column-container d-flex h-col-lg-auto h-col-md-auto h-col-auto style-360-outer style-local-909-c4-outer\">\n            <div data-colibri-id=\"909-c4\" class=\"d-flex h-flex-basis h-column__inner h-px-lg-2 h-px-md-2 h-px-2 v-inner-lg-2 v-inner-md-2 v-inner-2 style-360 style-local-909-c4 position-relative\">\n              <!---->\n              <!---->\n              <div class=\"w-100 h-y-container h-column__content h-column__v-align flex-basis-100 align-self-lg-start align-self-md-start align-self-start\">\n                <!---->\n                <div data-colibri-id=\"909-c5\" class=\"style-361 style-local-909-c5 position-relative h-element\">\n                  <!---->\n                  <div>\n                    <h2>Dicas para aumentar a vida \u00fatil da bateria do seu autom\u00f3vel<\/h2>\n                    A bateria \u00e9 um dos componentes mais importantes do seu autom\u00f3vel, garantindo energia para dar partida no motor e alimentar os sistemas el\u00e9tricos e eletr\u00f4nicos. Para evitar problemas inesperados e prolongar a vida \u00fatil da sua bateria, \u00e9 essencial adotar\n                    alguns cuidados simples e eficazes.\n                    <h2>\n                      <img loading=\"lazy\" decoding=\"async\" class=\"alignright size-full wp-image-409\" src=\"https:\/\/8rdesign.com.br\/emg\/wp-content\/uploads\/2025\/02\/vida-util-e-cuidados-com-bateria-emg.jpg\" alt=\"vida-util-e-cuidados-com-bateria-emg\" width=\"230\" height=\"193\">Confira nossas dicas:<\/h2>\n                    <ol>\n                      <li><strong>Bateria compat\u00edvel com os equipamentos<\/strong> Escolha uma bateria de boa qualidade com amperagem compat\u00edvel com os equipamentos el\u00e9tricos do ve\u00edculo. Carros com som potente e muita eletr\u00f4nica embarcada exigir\u00e3o um componente\n                        mais parrudo. Isso serve para n\u00e3o sobrecarregar a pe\u00e7a. Logo, ao trocar a bateria ou at\u00e9 mesmo comprar um carro seminovo, confira sempre se o componente tem a amperagem necess\u00e1ria para o ve\u00edculo. No manual do carro normalmente\n                        pode conter essa informa\u00e7\u00e3o.<\/li>\n                      <li><strong>Cuidados ao dar a partida no motor\n<\/strong>A bateria \u00e9 mais exigida justamente na hora de dar a partida no motor. Para sua bateria ter uma vida \u00fatil mais longa, nesse momento, desative equipamentos el\u00e9tricos desnecess\u00e1rios para n\u00e3o sobrecarreg\u00e1-la: evite girar a chave com far\u00f3is e outras\n                        luzes acesos e tamb\u00e9m desligue itens como som, ar-condicionado e central multim\u00eddia.<\/li>\n                      <li><strong>Aten\u00e7\u00e3o ao sair do carro\n<\/strong>Muitos j\u00e1 ficaram com a bateria descarregada por descuidos como deixar o ve\u00edculo estacionado com os far\u00f3is ou equipamento de som ligados. Carros mais modernos apagam os far\u00f3is ao desligar o ve\u00edculo ou emitem um alerta sonoro para n\u00e3o dar esse\n                        vacilo. Fique atento!<\/li>\n                      <li><strong><img loading=\"lazy\" decoding=\"async\" class=\"alignright size-medium wp-image-690\" src=\"https:\/\/8rdesign.com.br\/emg\/wp-content\/uploads\/2025\/03\/bateria-automotiva-26GMEF-EMG-300x197.jpg\" alt=\"bateria-automotiva-26GMEF-EMG\" width=\"300\" height=\"197\" srcset=\"https:\/\/8rdesign.com.br\/emg\/wp-content\/uploads\/2025\/03\/bateria-automotiva-26GMEF-EMG-300x197.jpg 300w, https:\/\/8rdesign.com.br\/emg\/wp-content\/uploads\/2025\/03\/bateria-automotiva-26GMEF-EMG-1024x671.jpg 1024w, https:\/\/8rdesign.com.br\/emg\/wp-content\/uploads\/2025\/03\/bateria-automotiva-26GMEF-EMG-768x503.jpg 768w, https:\/\/8rdesign.com.br\/emg\/wp-content\/uploads\/2025\/03\/bateria-automotiva-26GMEF-EMG.jpg 1400w\" sizes=\"auto, (max-width: 300px) 100vw, 300px\" \/>Proteja os terminais da bateria\n<\/strong>Muitas baterias j\u00e1 v\u00eam de f\u00e1brica com capinhas para proteger os terminais negativo e positivo para evitar contato com objetos met\u00e1licos ou condutores, o que pode gerar fuga de carga, fa\u00edscas e at\u00e9 curto-circuito, com risco de inc\u00eandio. Essas\n                        capas tamb\u00e9m podem ser adquiridas separadamente no mercado. Tamb\u00e9m mantenha os terminais limpos &#8211; com o tempo, essas pe\u00e7as acumulam res\u00edduos, geralmente com apar\u00eancia branca, resultantes da oxida\u00e7\u00e3o do material dos conectores.<\/li>\n                      <li><strong>N\u00e3o deixe o motor desligado por longos per\u00edodos<\/strong> Como outros componentes do carro, a bateria foi feita para funcionar regularmente &#8211; deixar o motor desligado por longos per\u00edodos promove a descarga da bateria, que\n                        fornece eletricidade aos sistemas eletr\u00f4nicos do ve\u00edculo mesmo com ele estacionado e fechado. A Nakata recomenda ligar o carro pelo menos uma vez por semana por cinco minutos, a fim de acionar o alternador e recarregar a bateria.<\/li>\n                      <li><strong>Cuide bem do alternador\n<\/strong>Respons\u00e1vel por manter a carga da bateria a partir do movimento do motor a combust\u00e3o, al\u00e9m de abastecer os sistemas el\u00e9tricos e eletr\u00f4nicos, o alternador precisa estar em perfeitas condi\u00e7\u00f5es de funcionamento &#8211; se ele pifar, voc\u00ea nem consegue\n                        ligar o motor. Por isso, nas revis\u00f5es do ve\u00edculo certifique-se que o mec\u00e2nico fa\u00e7a a manuten\u00e7\u00e3o preventiva do alternador.<\/li>\n                      <li><strong>Terminais desconectados\n<\/strong>Se voc\u00ea deixar o carro parado por longo tempo e n\u00e3o tiver algu\u00e9m para lig\u00e1-lo com regularidade, o ideal \u00e9 desconectar os terminais da bateria para prevenir sua descarga. Remova pelo menos o terminal positivo a fim de preserv\u00e1-la nesse cen\u00e1rio.<\/li>\n                      <li><strong>N\u00e3o conecte outros dispositivos nos terminais\n<\/strong>Evite conectar l\u00e2mpadas e outros dispositivos que consumam carga nos terminais da bateria. Se for necess\u00e1rio faz\u00ea-lo, para realizar um reparo em local escuro, por exemplo, prefira manter o motor ligado, para que o alternador mantenha a bateria\n                        carregada.<strong>\n<\/strong><\/li>\n                      <li><strong><strong>Mantenha o sistema de igni\u00e7\u00e3o e motor em boas condi\u00e7\u00f5es\n<\/strong><\/strong>Velas gastas e motor desregulado podem dificultar a partida do motor, o que exige mais energia da bateria e causa seu desgaste prematuro. Tamb\u00e9m verifique regularmente as condi\u00e7\u00f5es da fia\u00e7\u00e3o, para prevenir fuga de corrente e curto-circuito,\n                        bem como mantenha velas e cabos de vela em boas condi\u00e7\u00f5es.<strong><strong>\n<\/strong><\/strong>\n                      <\/li>\n                      <li><strong><strong>Evite a descarga completa\n<\/strong><\/strong>Se poss\u00edvel, nunca deixe a bateria ficar totalmente descarregada, pois isso &#8220;for\u00e7a&#8221; o componente e pode comprometer sua capacidade de reter eletricidade. Se isso acontecer, e voc\u00ea estiver disposto a pagar, invista em um auxiliar de partida,\n                        que prov\u00ea uma carga extra para dar a partida no motor. A famosa &#8220;chupeta&#8221; n\u00e3o \u00e9 recomendada em carros mais modernos por conta do risco de queimar m\u00f3dulos.<strong><strong>\n<\/strong><\/strong>\n                      <\/li>\n                    <\/ol>\n                    <blockquote>Conte com a Qualidade de Nossas Baterias<\/blockquote>\n                    As <strong>Baterias Automotivas EMG<\/strong> s\u00e3o fabricadas com tecnologia de ponta e passam por rigorosos controles de qualidade, garantindo confiabilidade, desempenho superior e durabilidade. Cuide bem da sua bateria e aproveite\n                    todo o potencial que ela tem a oferecer.\n                    <blockquote>Seguindo essas dicas, voc\u00ea garante maior seguran\u00e7a, economia e desempenho para o seu autom\u00f3vel!<\/blockquote>\n                  <\/div>\n                <\/div>\n              <\/div>\n            <\/div>\n          <\/div>\n        <\/div>\n      <\/div>\n    <\/div>\n  <\/div>\n<\/div>","protected":false},"excerpt":{"rendered":"<p>Dicas para aumentar a vida \u00fatil da bateria do seu autom\u00f3vel A bateria [&hellip;]<\/p>\n","protected":false},"author":1,"featured_media":0,"parent":0,"menu_order":0,"comment_status":"closed","ping_status":"closed","template":"page-templates\/full-width-page.php","meta":{"_joinchat":[],"footnotes":""},"class_list":["post-909","page","type-page","status-publish","hentry"],"yoast_head":"<!-- This site is optimized with the Yoast SEO plugin v27.2 - https:\/\/yoast.com\/product\/yoast-seo-wordpress\/ -->\n<title>Dicas para vida \u00fatil da bateria - EMG BATERIAS<\/title>\n<meta name=\"description\" content=\"Apresentamos alguns cuidados para prolongar a vida \u00fatil de sua bateria. Bateria adequada, condi\u00e7\u00f5es clim\u00e1ticas e manuten\u00e7\u00f5es regulares.\" \/>\n<meta name=\"robots\" content=\"noindex, follow, max-snippet:-1, max-image-preview:large, max-video-preview:-1\" \/>\n<meta property=\"og:locale\" content=\"pt_BR\" \/>\n<meta property=\"og:type\" content=\"article\" \/>\n<meta property=\"og:title\" content=\"Dicas para vida \u00fatil da bateria - EMG BATERIAS\" \/>\n<meta property=\"og:description\" content=\"Apresentamos alguns cuidados para prolongar a vida \u00fatil de sua bateria. Bateria adequada, condi\u00e7\u00f5es clim\u00e1ticas e manuten\u00e7\u00f5es regulares.\" \/>\n<meta property=\"og:url\" content=\"https:\/\/8rdesign.com.br\/emg\/dicas-para-vida-util-da-bateria\/\" \/>\n<meta property=\"og:site_name\" content=\"EMG BATERIAS\" \/>\n<meta property=\"article:modified_time\" content=\"2025-04-18T02:34:48+00:00\" \/>\n<meta property=\"og:image\" content=\"https:\/\/8rdesign.com.br\/emg\/wp-content\/uploads\/2025\/02\/vida-util-e-cuidados-com-bateria-emg.jpg\" \/>\n\t<meta property=\"og:image:width\" content=\"230\" \/>\n\t<meta property=\"og:image:height\" content=\"193\" \/>\n\t<meta property=\"og:image:type\" content=\"image\/jpeg\" \/>\n<meta name=\"twitter:card\" content=\"summary_large_image\" \/>\n<meta name=\"twitter:label1\" content=\"Est. tempo de leitura\" \/>\n\t<meta name=\"twitter:data1\" content=\"5 minutos\" \/>\n<script type=\"application\/ld+json\" class=\"yoast-schema-graph\">{\"@context\":\"https:\/\/schema.org\",\"@graph\":[{\"@type\":\"WebPage\",\"@id\":\"https:\/\/8rdesign.com.br\/emg\/dicas-para-vida-util-da-bateria\/\",\"url\":\"https:\/\/8rdesign.com.br\/emg\/dicas-para-vida-util-da-bateria\/\",\"name\":\"Dicas para vida \u00fatil da bateria - EMG BATERIAS\",\"isPartOf\":{\"@id\":\"https:\/\/8rdesign.com.br\/emg\/#website\"},\"primaryImageOfPage\":{\"@id\":\"https:\/\/8rdesign.com.br\/emg\/dicas-para-vida-util-da-bateria\/#primaryimage\"},\"image\":{\"@id\":\"https:\/\/8rdesign.com.br\/emg\/dicas-para-vida-util-da-bateria\/#primaryimage\"},\"thumbnailUrl\":\"https:\/\/8rdesign.com.br\/emg\/wp-content\/uploads\/2025\/02\/vida-util-e-cuidados-com-bateria-emg.jpg\",\"datePublished\":\"2025-04-18T02:29:28+00:00\",\"dateModified\":\"2025-04-18T02:34:48+00:00\",\"description\":\"Apresentamos alguns cuidados para prolongar a vida \u00fatil de sua bateria. Bateria adequada, condi\u00e7\u00f5es clim\u00e1ticas e manuten\u00e7\u00f5es regulares.\",\"breadcrumb\":{\"@id\":\"https:\/\/8rdesign.com.br\/emg\/dicas-para-vida-util-da-bateria\/#breadcrumb\"},\"inLanguage\":\"pt-BR\",\"potentialAction\":[{\"@type\":\"ReadAction\",\"target\":[\"https:\/\/8rdesign.com.br\/emg\/dicas-para-vida-util-da-bateria\/\"]}]},{\"@type\":\"ImageObject\",\"inLanguage\":\"pt-BR\",\"@id\":\"https:\/\/8rdesign.com.br\/emg\/dicas-para-vida-util-da-bateria\/#primaryimage\",\"url\":\"https:\/\/8rdesign.com.br\/emg\/wp-content\/uploads\/2025\/02\/vida-util-e-cuidados-com-bateria-emg.jpg\",\"contentUrl\":\"https:\/\/8rdesign.com.br\/emg\/wp-content\/uploads\/2025\/02\/vida-util-e-cuidados-com-bateria-emg.jpg\",\"width\":230,\"height\":193,\"caption\":\"vida-util-e-cuidados-com-bateria-emg\"},{\"@type\":\"BreadcrumbList\",\"@id\":\"https:\/\/8rdesign.com.br\/emg\/dicas-para-vida-util-da-bateria\/#breadcrumb\",\"itemListElement\":[{\"@type\":\"ListItem\",\"position\":1,\"name\":\"In\u00edcio\",\"item\":\"https:\/\/8rdesign.com.br\/emg\/\"},{\"@type\":\"ListItem\",\"position\":2,\"name\":\"Dicas para vida \u00fatil da bateria\"}]},{\"@type\":\"WebSite\",\"@id\":\"https:\/\/8rdesign.com.br\/emg\/#website\",\"url\":\"https:\/\/8rdesign.com.br\/emg\/\",\"name\":\"EMG BATERIAS\",\"description\":\"\",\"publisher\":{\"@id\":\"https:\/\/8rdesign.com.br\/emg\/#organization\"},\"potentialAction\":[{\"@type\":\"SearchAction\",\"target\":{\"@type\":\"EntryPoint\",\"urlTemplate\":\"https:\/\/8rdesign.com.br\/emg\/?s={search_term_string}\"},\"query-input\":{\"@type\":\"PropertyValueSpecification\",\"valueRequired\":true,\"valueName\":\"search_term_string\"}}],\"inLanguage\":\"pt-BR\"},{\"@type\":\"Organization\",\"@id\":\"https:\/\/8rdesign.com.br\/emg\/#organization\",\"name\":\"EMG BATERIAS\",\"url\":\"https:\/\/8rdesign.com.br\/emg\/\",\"logo\":{\"@type\":\"ImageObject\",\"inLanguage\":\"pt-BR\",\"@id\":\"https:\/\/8rdesign.com.br\/emg\/#\/schema\/logo\/image\/\",\"url\":\"https:\/\/8rdesign.com.br\/emg\/wp-content\/uploads\/2025\/04\/Logo-EMG-Baterias-branco-scaled.png\",\"contentUrl\":\"https:\/\/8rdesign.com.br\/emg\/wp-content\/uploads\/2025\/04\/Logo-EMG-Baterias-branco-scaled.png\",\"width\":2560,\"height\":940,\"caption\":\"EMG BATERIAS\"},\"image\":{\"@id\":\"https:\/\/8rdesign.com.br\/emg\/#\/schema\/logo\/image\/\"}}]}<\/script>\n<!-- \/ Yoast SEO plugin. -->","yoast_head_json":{"title":"Dicas para vida \u00fatil da bateria - EMG BATERIAS","description":"Apresentamos alguns cuidados para prolongar a vida \u00fatil de sua bateria. Bateria adequada, condi\u00e7\u00f5es clim\u00e1ticas e manuten\u00e7\u00f5es regulares.","robots":{"index":"noindex","follow":"follow","max-snippet":"max-snippet:-1","max-image-preview":"max-image-preview:large","max-video-preview":"max-video-preview:-1"},"og_locale":"pt_BR","og_type":"article","og_title":"Dicas para vida \u00fatil da bateria - EMG BATERIAS","og_description":"Apresentamos alguns cuidados para prolongar a vida \u00fatil de sua bateria. Bateria adequada, condi\u00e7\u00f5es clim\u00e1ticas e manuten\u00e7\u00f5es regulares.","og_url":"https:\/\/8rdesign.com.br\/emg\/dicas-para-vida-util-da-bateria\/","og_site_name":"EMG BATERIAS","article_modified_time":"2025-04-18T02:34:48+00:00","og_image":[{"width":230,"height":193,"url":"https:\/\/8rdesign.com.br\/emg\/wp-content\/uploads\/2025\/02\/vida-util-e-cuidados-com-bateria-emg.jpg","type":"image\/jpeg"}],"twitter_card":"summary_large_image","twitter_misc":{"Est. tempo de leitura":"5 minutos"},"schema":{"@context":"https:\/\/schema.org","@graph":[{"@type":"WebPage","@id":"https:\/\/8rdesign.com.br\/emg\/dicas-para-vida-util-da-bateria\/","url":"https:\/\/8rdesign.com.br\/emg\/dicas-para-vida-util-da-bateria\/","name":"Dicas para vida \u00fatil da bateria - EMG BATERIAS","isPartOf":{"@id":"https:\/\/8rdesign.com.br\/emg\/#website"},"primaryImageOfPage":{"@id":"https:\/\/8rdesign.com.br\/emg\/dicas-para-vida-util-da-bateria\/#primaryimage"},"image":{"@id":"https:\/\/8rdesign.com.br\/emg\/dicas-para-vida-util-da-bateria\/#primaryimage"},"thumbnailUrl":"https:\/\/8rdesign.com.br\/emg\/wp-content\/uploads\/2025\/02\/vida-util-e-cuidados-com-bateria-emg.jpg","datePublished":"2025-04-18T02:29:28+00:00","dateModified":"2025-04-18T02:34:48+00:00","description":"Apresentamos alguns cuidados para prolongar a vida \u00fatil de sua bateria. Bateria adequada, condi\u00e7\u00f5es clim\u00e1ticas e manuten\u00e7\u00f5es regulares.","breadcrumb":{"@id":"https:\/\/8rdesign.com.br\/emg\/dicas-para-vida-util-da-bateria\/#breadcrumb"},"inLanguage":"pt-BR","potentialAction":[{"@type":"ReadAction","target":["https:\/\/8rdesign.com.br\/emg\/dicas-para-vida-util-da-bateria\/"]}]},{"@type":"ImageObject","inLanguage":"pt-BR","@id":"https:\/\/8rdesign.com.br\/emg\/dicas-para-vida-util-da-bateria\/#primaryimage","url":"https:\/\/8rdesign.com.br\/emg\/wp-content\/uploads\/2025\/02\/vida-util-e-cuidados-com-bateria-emg.jpg","contentUrl":"https:\/\/8rdesign.com.br\/emg\/wp-content\/uploads\/2025\/02\/vida-util-e-cuidados-com-bateria-emg.jpg","width":230,"height":193,"caption":"vida-util-e-cuidados-com-bateria-emg"},{"@type":"BreadcrumbList","@id":"https:\/\/8rdesign.com.br\/emg\/dicas-para-vida-util-da-bateria\/#breadcrumb","itemListElement":[{"@type":"ListItem","position":1,"name":"In\u00edcio","item":"https:\/\/8rdesign.com.br\/emg\/"},{"@type":"ListItem","position":2,"name":"Dicas para vida \u00fatil da bateria"}]},{"@type":"WebSite","@id":"https:\/\/8rdesign.com.br\/emg\/#website","url":"https:\/\/8rdesign.com.br\/emg\/","name":"EMG BATERIAS","description":"","publisher":{"@id":"https:\/\/8rdesign.com.br\/emg\/#organization"},"potentialAction":[{"@type":"SearchAction","target":{"@type":"EntryPoint","urlTemplate":"https:\/\/8rdesign.com.br\/emg\/?s={search_term_string}"},"query-input":{"@type":"PropertyValueSpecification","valueRequired":true,"valueName":"search_term_string"}}],"inLanguage":"pt-BR"},{"@type":"Organization","@id":"https:\/\/8rdesign.com.br\/emg\/#organization","name":"EMG BATERIAS","url":"https:\/\/8rdesign.com.br\/emg\/","logo":{"@type":"ImageObject","inLanguage":"pt-BR","@id":"https:\/\/8rdesign.com.br\/emg\/#\/schema\/logo\/image\/","url":"https:\/\/8rdesign.com.br\/emg\/wp-content\/uploads\/2025\/04\/Logo-EMG-Baterias-branco-scaled.png","contentUrl":"https:\/\/8rdesign.com.br\/emg\/wp-content\/uploads\/2025\/04\/Logo-EMG-Baterias-branco-scaled.png","width":2560,"height":940,"caption":"EMG BATERIAS"},"image":{"@id":"https:\/\/8rdesign.com.br\/emg\/#\/schema\/logo\/image\/"}}]}},"_links":{"self":[{"href":"https:\/\/8rdesign.com.br\/emg\/wp-json\/wp\/v2\/pages\/909","targetHints":{"allow":["GET"]}}],"collection":[{"href":"https:\/\/8rdesign.com.br\/emg\/wp-json\/wp\/v2\/pages"}],"about":[{"href":"https:\/\/8rdesign.com.br\/emg\/wp-json\/wp\/v2\/types\/page"}],"author":[{"embeddable":true,"href":"https:\/\/8rdesign.com.br\/emg\/wp-json\/wp\/v2\/users\/1"}],"replies":[{"embeddable":true,"href":"https:\/\/8rdesign.com.br\/emg\/wp-json\/wp\/v2\/comments?post=909"}],"version-history":[{"count":2,"href":"https:\/\/8rdesign.com.br\/emg\/wp-json\/wp\/v2\/pages\/909\/revisions"}],"predecessor-version":[{"id":916,"href":"https:\/\/8rdesign.com.br\/emg\/wp-json\/wp\/v2\/pages\/909\/revisions\/916"}],"wp:attachment":[{"href":"https:\/\/8rdesign.com.br\/emg\/wp-json\/wp\/v2\/media?parent=909"}],"curies":[{"name":"wp","href":"https:\/\/api.w.org\/{rel}","templated":true}]}}